{"id":8595,"date":"2024-02-15T13:56:31","date_gmt":"2024-02-15T13:56:31","guid":{"rendered":"https:\/\/kururesort.com\/?page_id=8595"},"modified":"2025-07-21T11:02:17","modified_gmt":"2025-07-21T11:02:17","slug":"jarvisydan-restaurants","status":"publish","type":"page","link":"https:\/\/kururesort.com\/en\/jarvisydan-restaurants\/","title":{"rendered":"J\u00e4rvisyd\u00e4n restaurants"},"content":{"rendered":"\t\t<div data-elementor-type=\"wp-page\" data-elementor-id=\"8595\" class=\"elementor elementor-8595 elementor-8508\">\n\t\t\t\t\t\t\t\t\t<section class=\"elementor-section elementor-top-section elementor-element elementor-element-7970642 elementor-section-boxed elementor-section-height-default elementor-section-height-default\" data-id=\"7970642\" data-element_type=\"section\" data-settings=\"{&quot;background_background&quot;:&quot;slideshow&quot;,&quot;background_slideshow_gallery&quot;:[{&quot;id&quot;:8558,&quot;url&quot;:&quot;https:\\\/\\\/kururesort.com\\\/wp-content\\\/uploads\\\/2024\\\/02\\\/Winter-Heidi-Mikko-17.jpg&quot;},{&quot;id&quot;:8550,&quot;url&quot;:&quot;https:\\\/\\\/kururesort.com\\\/wp-content\\\/uploads\\\/2024\\\/02\\\/Aamupala-15-1.jpg&quot;},{&quot;id&quot;:8556,&quot;url&quot;:&quot;https:\\\/\\\/kururesort.com\\\/wp-content\\\/uploads\\\/2024\\\/02\\\/Aamupala-17.jpg&quot;},{&quot;id&quot;:5968,&quot;url&quot;:&quot;https:\\\/\\\/kururesort.com\\\/wp-content\\\/uploads\\\/2022\\\/09\\\/0019_DSC0738-1-e1664374312322.jpg&quot;},{&quot;id&quot;:8530,&quot;url&quot;:&quot;https:\\\/\\\/kururesort.com\\\/wp-content\\\/uploads\\\/2024\\\/02\\\/Viinikellari-2020.jpg&quot;},{&quot;id&quot;:8528,&quot;url&quot;:&quot;https:\\\/\\\/kururesort.com\\\/wp-content\\\/uploads\\\/2024\\\/02\\\/kota-restaurant-.webp&quot;},{&quot;id&quot;:8526,&quot;url&quot;:&quot;https:\\\/\\\/kururesort.com\\\/wp-content\\\/uploads\\\/2024\\\/02\\\/Puijo-full-res-1.jpg&quot;},{&quot;id&quot;:8552,&quot;url&quot;:&quot;https:\\\/\\\/kururesort.com\\\/wp-content\\\/uploads\\\/2024\\\/02\\\/Illallinen-Duve-500.jpg&quot;}],&quot;background_slideshow_loop&quot;:&quot;yes&quot;,&quot;background_slideshow_slide_duration&quot;:5000,&quot;background_slideshow_slide_transition&quot;:&quot;fade&quot;,&quot;background_slideshow_transition_duration&quot;:500}\">\n\t\t\t\t\t\t<div class=\"elementor-container elementor-column-gap-no\">\n\t\t\t\t\t<div class=\"elementor-column elementor-col-50 elementor-top-column elementor-element elementor-element-7efa2f8\" data-id=\"7efa2f8\" data-element_type=\"column\" data-settings=\"{&quot;background_background&quot;:&quot;classic&quot;}\">\n\t\t\t<div class=\"elementor-widget-wrap elementor-element-populated\">\n\t\t\t\t\t\t\t\t<div class=\"elementor-element elementor-element-01ac360 elementor-widget elementor-widget-heading\" data-id=\"01ac360\" data-element_type=\"widget\" data-widget_type=\"heading.default\">\n\t\t\t\t<div class=\"elementor-widget-container\">\n\t\t\t<h1 class=\"elementor-heading-title elementor-size-default\">J\u00e4rvisyd\u00e4n<\/h1>\t\t<\/div>\n\t\t\t\t<\/div>\n\t\t\t\t<div class=\"elementor-element elementor-element-71003e1 elementor-widget elementor-widget-text-editor\" data-id=\"71003e1\" data-element_type=\"widget\" data-widget_type=\"text-editor.default\">\n\t\t\t\t<div class=\"elementor-widget-container\">\n\t\t\t\t\t\t\t<p>Kuru is part of J\u00e4rvisyd\u00e4n, and you have access to all the resort&#8217;s services. At J\u00e4rvisyd\u00e4n, you will find several restaurants serving breakfast, bistro food, lunch, and dinner.<\/p><p>J\u00e4rvisyd\u00e4n is approximately 800m away from Kuru. You can take the resort shuttle, walk or drive to J\u00e4rvisyd\u00e4n.\u00a0<\/p>\t\t\t\t\t\t<\/div>\n\t\t\t\t<\/div>\n\t\t\t\t\t<\/div>\n\t\t<\/div>\n\t\t\t\t<div class=\"elementor-column elementor-col-50 elementor-top-column elementor-element elementor-element-cf3b877\" data-id=\"cf3b877\" data-element_type=\"column\">\n\t\t\t<div class=\"elementor-widget-wrap\">\n\t\t\t\t\t\t\t\t\t<\/div>\n\t\t<\/div>\n\t\t\t\t\t\t\t<\/div>\n\t\t<\/section>\n\t\t\t\t<section class=\"elementor-section elementor-top-section elementor-element elementor-element-69a46fe elementor-section-boxed elementor-section-height-default elementor-section-height-default\" data-id=\"69a46fe\" data-element_type=\"section\">\n\t\t\t\t\t\t<div class=\"elementor-container elementor-column-gap-default\">\n\t\t\t\t\t<div class=\"elementor-column elementor-col-50 elementor-top-column elementor-element elementor-element-16c864f\" data-id=\"16c864f\" data-element_type=\"column\">\n\t\t\t<div class=\"elementor-widget-wrap elementor-element-populated\">\n\t\t\t\t\t\t\t\t<div class=\"elementor-element elementor-element-0ec848e elementor-widget elementor-widget-heading\" data-id=\"0ec848e\" data-element_type=\"widget\" data-widget_type=\"heading.default\">\n\t\t\t\t<div class=\"elementor-widget-container\">\n\t\t\t<h1 class=\"elementor-heading-title elementor-size-default\">\u00c0 la carte<\/h1>\t\t<\/div>\n\t\t\t\t<\/div>\n\t\t\t\t<div class=\"elementor-element elementor-element-ea606fe elementor-widget elementor-widget-text-editor\" data-id=\"ea606fe\" data-element_type=\"widget\" data-widget_type=\"text-editor.default\">\n\t\t\t\t<div class=\"elementor-widget-container\">\n\t\t\t\t\t\t\t<p>The J\u00e4rvisyd\u00e4n \u00e0 la carte restaurant offers classics and refreshing flavors, ranging from tartare to delicious pasta dishes daily in the main building of J\u00e4rvisyd\u00e4n, on the second floor.<\/p>\t\t\t\t\t\t<\/div>\n\t\t\t\t<\/div>\n\t\t\t\t<div class=\"elementor-element elementor-element-56d4b16 elementor-align-left elementor-widget elementor-widget-button\" data-id=\"56d4b16\" data-element_type=\"widget\" data-widget_type=\"button.default\">\n\t\t\t\t<div class=\"elementor-widget-container\">\n\t\t\t\t\t<div class=\"elementor-button-wrapper\">\n\t\t\t<a href=\"https:\/\/www.jarvisydan.com\/en\/menu\/bistro-menu\/\" class=\"elementor-button-link elementor-button elementor-size-sm\" role=\"button\">\n\t\t\t\t\t\t<span class=\"elementor-button-content-wrapper\">\n\t\t\t\t\t\t\t<span class=\"elementor-button-icon elementor-align-icon-right\">\n\t\t\t\t<i aria-hidden=\"true\" class=\"fas fa-caret-right\"><\/i>\t\t\t<\/span>\n\t\t\t\t\t\t<span class=\"elementor-button-text\">Info and menu<\/span>\n\t\t<\/span>\n\t\t\t\t\t<\/a>\n\t\t<\/div>\n\t\t\t\t<\/div>\n\t\t\t\t<\/div>\n\t\t\t\t<div class=\"elementor-element elementor-element-8dad0f5 elementor-widget-divider--view-line elementor-widget elementor-widget-divider\" data-id=\"8dad0f5\" data-element_type=\"widget\" data-widget_type=\"divider.default\">\n\t\t\t\t<div class=\"elementor-widget-container\">\n\t\t\t\t\t<div class=\"elementor-divider\">\n\t\t\t<span class=\"elementor-divider-separator\">\n\t\t\t\t\t\t<\/span>\n\t\t<\/div>\n\t\t\t\t<\/div>\n\t\t\t\t<\/div>\n\t\t\t\t<div class=\"elementor-element elementor-element-ca488ee elementor-widget elementor-widget-heading\" data-id=\"ca488ee\" data-element_type=\"widget\" data-widget_type=\"heading.default\">\n\t\t\t\t<div class=\"elementor-widget-container\">\n\t\t\t<h1 class=\"elementor-heading-title elementor-size-default\">Lunch<\/h1>\t\t<\/div>\n\t\t\t\t<\/div>\n\t\t\t\t<div class=\"elementor-element elementor-element-2a0c776 elementor-widget elementor-widget-text-editor\" data-id=\"2a0c776\" data-element_type=\"widget\" data-widget_type=\"text-editor.default\">\n\t\t\t\t<div class=\"elementor-widget-container\">\n\t\t\t\t\t\t\t<p>The lunch is serverd daily at Restaurant Piikatytt\u00f6. You can find Piikatytt\u00f6 in the main building of J\u00e4rvisyd\u00e4n, on the second floor.<\/p>\t\t\t\t\t\t<\/div>\n\t\t\t\t<\/div>\n\t\t\t\t<div class=\"elementor-element elementor-element-1c3de5f elementor-align-left elementor-widget elementor-widget-button\" data-id=\"1c3de5f\" data-element_type=\"widget\" data-widget_type=\"button.default\">\n\t\t\t\t<div class=\"elementor-widget-container\">\n\t\t\t\t\t<div class=\"elementor-button-wrapper\">\n\t\t\t<a href=\"https:\/\/www.jarvisydan.com\/en\/menu\/maid-girls-lunch-buffet\/\" class=\"elementor-button-link elementor-button elementor-size-sm\" role=\"button\">\n\t\t\t\t\t\t<span class=\"elementor-button-content-wrapper\">\n\t\t\t\t\t\t\t<span class=\"elementor-button-icon elementor-align-icon-right\">\n\t\t\t\t<i aria-hidden=\"true\" class=\"fas fa-caret-right\"><\/i>\t\t\t<\/span>\n\t\t\t\t\t\t<span class=\"elementor-button-text\">Read more<\/span>\n\t\t<\/span>\n\t\t\t\t\t<\/a>\n\t\t<\/div>\n\t\t\t\t<\/div>\n\t\t\t\t<\/div>\n\t\t\t\t<div class=\"elementor-element elementor-element-8bac3d7 elementor-widget elementor-widget-text-editor\" data-id=\"8bac3d7\" data-element_type=\"widget\" data-widget_type=\"text-editor.default\">\n\t\t\t\t<div class=\"elementor-widget-container\">\n\t\t\t\t\t\t\t\t\t\t\t\t\t<\/div>\n\t\t\t\t<\/div>\n\t\t\t\t\t<\/div>\n\t\t<\/div>\n\t\t\t\t<div class=\"elementor-column elementor-col-50 elementor-top-column elementor-element elementor-element-9951561\" data-id=\"9951561\" data-element_type=\"column\" data-settings=\"{&quot;background_background&quot;:&quot;classic&quot;}\">\n\t\t\t<div class=\"elementor-widget-wrap elementor-element-populated\">\n\t\t\t\t\t\t\t\t<div class=\"elementor-element elementor-element-655bf6e elementor-hidden-desktop elementor-hidden-tablet elementor-widget elementor-widget-image\" data-id=\"655bf6e\" data-element_type=\"widget\" data-widget_type=\"image.default\">\n\t\t\t\t<div class=\"elementor-widget-container\">\n\t\t\t\t\t\t\t\t\t\t\t\t\t\t\t<img width=\"770\" height=\"514\" src=\"https:\/\/kururesort.com\/wp-content\/uploads\/2022\/09\/Pitopoyta-1024x683.jpg\" class=\"attachment-large size-large\" alt=\"\" loading=\"lazy\" srcset=\"https:\/\/kururesort.com\/wp-content\/uploads\/2022\/09\/Pitopoyta-1024x683.jpg 1024w, https:\/\/kururesort.com\/wp-content\/uploads\/2022\/09\/Pitopoyta-300x200.jpg 300w, https:\/\/kururesort.com\/wp-content\/uploads\/2022\/09\/Pitopoyta-768x512.jpg 768w, https:\/\/kururesort.com\/wp-content\/uploads\/2022\/09\/Pitopoyta-1170x780.jpg 1170w, https:\/\/kururesort.com\/wp-content\/uploads\/2022\/09\/Pitopoyta.jpg 1200w\" sizes=\"(max-width: 770px) 100vw, 770px\" \/>\t\t\t\t\t\t\t\t\t\t\t\t\t\t\t<\/div>\n\t\t\t\t<\/div>\n\t\t\t\t\t<\/div>\n\t\t<\/div>\n\t\t\t\t\t\t\t<\/div>\n\t\t<\/section>\n\t\t\t\t<section class=\"elementor-section elementor-top-section elementor-element elementor-element-1368778 elementor-section-boxed elementor-section-height-default elementor-section-height-default\" data-id=\"1368778\" data-element_type=\"section\">\n\t\t\t\t\t\t<div class=\"elementor-container elementor-column-gap-default\">\n\t\t\t\t\t<div class=\"elementor-column elementor-col-50 elementor-top-column elementor-element elementor-element-6c8754f\" data-id=\"6c8754f\" data-element_type=\"column\">\n\t\t\t<div class=\"elementor-widget-wrap elementor-element-populated\">\n\t\t\t\t\t\t\t\t<div class=\"elementor-element elementor-element-f576efb elementor-widget elementor-widget-heading\" data-id=\"f576efb\" data-element_type=\"widget\" data-widget_type=\"heading.default\">\n\t\t\t\t<div class=\"elementor-widget-container\">\n\t\t\t<h1 class=\"elementor-heading-title elementor-size-default\">Wine Cellar<\/h1>\t\t<\/div>\n\t\t\t\t<\/div>\n\t\t\t\t<div class=\"elementor-element elementor-element-27b9441 elementor-widget elementor-widget-text-editor\" data-id=\"27b9441\" data-element_type=\"widget\" data-widget_type=\"text-editor.default\">\n\t\t\t\t<div class=\"elementor-widget-container\">\n\t\t\t\t\t\t\t<p>Welcome to the Heart of J\u00e4rvisyd\u00e4n! The Fire menu dinner in wine Cellar always considers locality and domesticity whenever possible, including seasons and traditions. The absolute heart of the Wine Cellar is the live fire, where chefs offer you a delicious dinner.<\/p><p>\u00a0<\/p>\t\t\t\t\t\t<\/div>\n\t\t\t\t<\/div>\n\t\t\t\t<div class=\"elementor-element elementor-element-163d0e3 elementor-align-left elementor-widget elementor-widget-button\" data-id=\"163d0e3\" data-element_type=\"widget\" data-widget_type=\"button.default\">\n\t\t\t\t<div class=\"elementor-widget-container\">\n\t\t\t\t\t<div class=\"elementor-button-wrapper\">\n\t\t\t<a href=\"https:\/\/www.jarvisydan.com\/en\/menu\/tulikeittio\/\" class=\"elementor-button-link elementor-button elementor-size-sm\" role=\"button\">\n\t\t\t\t\t\t<span class=\"elementor-button-content-wrapper\">\n\t\t\t\t\t\t\t<span class=\"elementor-button-icon elementor-align-icon-right\">\n\t\t\t\t<i aria-hidden=\"true\" class=\"fas fa-caret-right\"><\/i>\t\t\t<\/span>\n\t\t\t\t\t\t<span class=\"elementor-button-text\">Menu & table reservations<\/span>\n\t\t<\/span>\n\t\t\t\t\t<\/a>\n\t\t<\/div>\n\t\t\t\t<\/div>\n\t\t\t\t<\/div>\n\t\t\t\t\t<\/div>\n\t\t<\/div>\n\t\t\t\t<div class=\"elementor-column elementor-col-50 elementor-top-column elementor-element elementor-element-26a5c34\" data-id=\"26a5c34\" data-element_type=\"column\" data-settings=\"{&quot;background_background&quot;:&quot;classic&quot;}\">\n\t\t\t<div class=\"elementor-widget-wrap elementor-element-populated\">\n\t\t\t\t\t\t\t\t<div class=\"elementor-element elementor-element-4389162 elementor-hidden-desktop elementor-hidden-tablet elementor-widget elementor-widget-image\" data-id=\"4389162\" data-element_type=\"widget\" data-widget_type=\"image.default\">\n\t\t\t\t<div class=\"elementor-widget-container\">\n\t\t\t\t\t\t\t\t\t\t\t\t\t\t\t<img width=\"683\" height=\"1024\" src=\"https:\/\/kururesort.com\/wp-content\/uploads\/2022\/09\/Kylpylaloma-kotahotelli-3096-683x1024.jpg\" class=\"attachment-large size-large\" alt=\"\" loading=\"lazy\" srcset=\"https:\/\/kururesort.com\/wp-content\/uploads\/2022\/09\/Kylpylaloma-kotahotelli-3096-683x1024.jpg 683w, https:\/\/kururesort.com\/wp-content\/uploads\/2022\/09\/Kylpylaloma-kotahotelli-3096-200x300.jpg 200w, https:\/\/kururesort.com\/wp-content\/uploads\/2022\/09\/Kylpylaloma-kotahotelli-3096-768x1152.jpg 768w, https:\/\/kururesort.com\/wp-content\/uploads\/2022\/09\/Kylpylaloma-kotahotelli-3096-1024x1536.jpg 1024w, https:\/\/kururesort.com\/wp-content\/uploads\/2022\/09\/Kylpylaloma-kotahotelli-3096-1365x2048.jpg 1365w, https:\/\/kururesort.com\/wp-content\/uploads\/2022\/09\/Kylpylaloma-kotahotelli-3096-1170x1755.jpg 1170w, https:\/\/kururesort.com\/wp-content\/uploads\/2022\/09\/Kylpylaloma-kotahotelli-3096-scaled.jpg 1707w\" sizes=\"(max-width: 683px) 100vw, 683px\" \/>\t\t\t\t\t\t\t\t\t\t\t\t\t\t\t<\/div>\n\t\t\t\t<\/div>\n\t\t\t\t\t<\/div>\n\t\t<\/div>\n\t\t\t\t\t\t\t<\/div>\n\t\t<\/section>\n\t\t\t\t<section class=\"elementor-section elementor-top-section elementor-element elementor-element-24e9d7d elementor-section-boxed elementor-section-height-default elementor-section-height-default\" data-id=\"24e9d7d\" data-element_type=\"section\">\n\t\t\t\t\t\t<div class=\"elementor-container elementor-column-gap-default\">\n\t\t\t\t\t<div class=\"elementor-column elementor-col-100 elementor-top-column elementor-element elementor-element-c445fde\" data-id=\"c445fde\" data-element_type=\"column\">\n\t\t\t<div class=\"elementor-widget-wrap elementor-element-populated\">\n\t\t\t\t\t\t\t\t<div class=\"elementor-element elementor-element-b776ca5 elementor-widget elementor-widget-spacer\" data-id=\"b776ca5\" data-element_type=\"widget\" data-widget_type=\"spacer.default\">\n\t\t\t\t<div class=\"elementor-widget-container\">\n\t\t\t\t\t<div class=\"elementor-spacer\">\n\t\t\t<div class=\"elementor-spacer-inner\"><\/div>\n\t\t<\/div>\n\t\t\t\t<\/div>\n\t\t\t\t<\/div>\n\t\t\t\t\t<\/div>\n\t\t<\/div>\n\t\t\t\t\t\t\t<\/div>\n\t\t<\/section>\n\t\t\t\t<section class=\"elementor-section elementor-top-section elementor-element elementor-element-2659181 elementor-section-boxed elementor-section-height-default elementor-section-height-default\" data-id=\"2659181\" data-element_type=\"section\">\n\t\t\t\t\t\t<div class=\"elementor-container elementor-column-gap-default\">\n\t\t\t\t\t<div class=\"elementor-column elementor-col-50 elementor-top-column elementor-element elementor-element-fc804c4\" data-id=\"fc804c4\" data-element_type=\"column\">\n\t\t\t<div class=\"elementor-widget-wrap elementor-element-populated\">\n\t\t\t\t\t\t\t\t<div class=\"elementor-element elementor-element-6ea65ba elementor-widget elementor-widget-heading\" data-id=\"6ea65ba\" data-element_type=\"widget\" data-widget_type=\"heading.default\">\n\t\t\t\t<div class=\"elementor-widget-container\">\n\t\t\t<h1 class=\"elementor-heading-title elementor-size-default\">Cruise<\/h1>\t\t<\/div>\n\t\t\t\t<\/div>\n\t\t\t\t<div class=\"elementor-element elementor-element-582d442 elementor-widget elementor-widget-text-editor\" data-id=\"582d442\" data-element_type=\"widget\" data-widget_type=\"text-editor.default\">\n\t\t\t\t<div class=\"elementor-widget-container\">\n\t\t\t\t\t\t\t<p>Enjoy a cozy dinner while cruising through the maze-like archipelago of Linnansaari National Park.<\/p><p>The dinner cruise departs daily from the J\u00e4rvisyd\u00e4n harbor and sails through the Linnansaari National Park and Linnansaari island before returning to J\u00e4rvisyd\u00e4n.<\/p><p>Dinner cruises are available daily from June 21st to August 31st at 6:00 PM.<\/p>\t\t\t\t\t\t<\/div>\n\t\t\t\t<\/div>\n\t\t\t\t<div class=\"elementor-element elementor-element-db75d9d elementor-align-left elementor-widget elementor-widget-button\" data-id=\"db75d9d\" data-element_type=\"widget\" data-widget_type=\"button.default\">\n\t\t\t\t<div class=\"elementor-widget-container\">\n\t\t\t\t\t<div class=\"elementor-button-wrapper\">\n\t\t\t<a href=\"https:\/\/shop.tac.eu.com\/jarvisydan\/shop\/courses\/template\/843\/\" class=\"elementor-button-link elementor-button elementor-size-sm\" role=\"button\">\n\t\t\t\t\t\t<span class=\"elementor-button-content-wrapper\">\n\t\t\t\t\t\t\t<span class=\"elementor-button-icon elementor-align-icon-right\">\n\t\t\t\t<i aria-hidden=\"true\" class=\"fas fa-caret-right\"><\/i>\t\t\t<\/span>\n\t\t\t\t\t\t<span class=\"elementor-button-text\">Book a dinner cruise<\/span>\n\t\t<\/span>\n\t\t\t\t\t<\/a>\n\t\t<\/div>\n\t\t\t\t<\/div>\n\t\t\t\t<\/div>\n\t\t\t\t\t<\/div>\n\t\t<\/div>\n\t\t\t\t<div class=\"elementor-column elementor-col-50 elementor-top-column elementor-element elementor-element-0208fce\" data-id=\"0208fce\" data-element_type=\"column\" data-settings=\"{&quot;background_background&quot;:&quot;classic&quot;}\">\n\t\t\t<div class=\"elementor-widget-wrap elementor-element-populated\">\n\t\t\t\t\t\t\t\t<div class=\"elementor-element elementor-element-9bc5d2f elementor-hidden-desktop elementor-hidden-tablet elementor-widget elementor-widget-image\" data-id=\"9bc5d2f\" data-element_type=\"widget\" data-widget_type=\"image.default\">\n\t\t\t\t<div class=\"elementor-widget-container\">\n\t\t\t\t\t\t\t\t\t\t\t\t\t\t\t<img width=\"683\" height=\"1024\" src=\"https:\/\/kururesort.com\/wp-content\/uploads\/2022\/09\/Kylpylaloma-kotahotelli-3096-683x1024.jpg\" class=\"attachment-large size-large\" alt=\"\" loading=\"lazy\" srcset=\"https:\/\/kururesort.com\/wp-content\/uploads\/2022\/09\/Kylpylaloma-kotahotelli-3096-683x1024.jpg 683w, https:\/\/kururesort.com\/wp-content\/uploads\/2022\/09\/Kylpylaloma-kotahotelli-3096-200x300.jpg 200w, https:\/\/kururesort.com\/wp-content\/uploads\/2022\/09\/Kylpylaloma-kotahotelli-3096-768x1152.jpg 768w, https:\/\/kururesort.com\/wp-content\/uploads\/2022\/09\/Kylpylaloma-kotahotelli-3096-1024x1536.jpg 1024w, https:\/\/kururesort.com\/wp-content\/uploads\/2022\/09\/Kylpylaloma-kotahotelli-3096-1365x2048.jpg 1365w, https:\/\/kururesort.com\/wp-content\/uploads\/2022\/09\/Kylpylaloma-kotahotelli-3096-1170x1755.jpg 1170w, https:\/\/kururesort.com\/wp-content\/uploads\/2022\/09\/Kylpylaloma-kotahotelli-3096-scaled.jpg 1707w\" sizes=\"(max-width: 683px) 100vw, 683px\" \/>\t\t\t\t\t\t\t\t\t\t\t\t\t\t\t<\/div>\n\t\t\t\t<\/div>\n\t\t\t\t\t<\/div>\n\t\t<\/div>\n\t\t\t\t\t\t\t<\/div>\n\t\t<\/section>\n\t\t\t\t<section class=\"elementor-section elementor-top-section elementor-element elementor-element-c68b2da elementor-section-boxed elementor-section-height-default elementor-section-height-default\" data-id=\"c68b2da\" data-element_type=\"section\">\n\t\t\t\t\t\t<div class=\"elementor-container elementor-column-gap-default\">\n\t\t\t\t\t<div class=\"elementor-column elementor-col-100 elementor-top-column elementor-element elementor-element-5488855\" data-id=\"5488855\" data-element_type=\"column\">\n\t\t\t<div class=\"elementor-widget-wrap elementor-element-populated\">\n\t\t\t\t\t\t\t\t<div class=\"elementor-element elementor-element-94fd4bd elementor-widget elementor-widget-spacer\" data-id=\"94fd4bd\" data-element_type=\"widget\" data-widget_type=\"spacer.default\">\n\t\t\t\t<div class=\"elementor-widget-container\">\n\t\t\t\t\t<div class=\"elementor-spacer\">\n\t\t\t<div class=\"elementor-spacer-inner\"><\/div>\n\t\t<\/div>\n\t\t\t\t<\/div>\n\t\t\t\t<\/div>\n\t\t\t\t\t<\/div>\n\t\t<\/div>\n\t\t\t\t\t\t\t<\/div>\n\t\t<\/section>\n\t\t\t\t<section class=\"elementor-section elementor-top-section elementor-element elementor-element-61d9d47 elementor-section-boxed elementor-section-height-default elementor-section-height-default\" data-id=\"61d9d47\" data-element_type=\"section\">\n\t\t\t\t\t\t<div class=\"elementor-container elementor-column-gap-default\">\n\t\t\t\t\t<div class=\"elementor-column elementor-col-50 elementor-top-column elementor-element elementor-element-a60dae2\" data-id=\"a60dae2\" data-element_type=\"column\">\n\t\t\t<div class=\"elementor-widget-wrap elementor-element-populated\">\n\t\t\t\t\t\t\t\t<div class=\"elementor-element elementor-element-bdc39ef elementor-widget elementor-widget-heading\" data-id=\"bdc39ef\" data-element_type=\"widget\" data-widget_type=\"heading.default\">\n\t\t\t\t<div class=\"elementor-widget-container\">\n\t\t\t<h1 class=\"elementor-heading-title elementor-size-default\">Kota Restaurant<\/h1>\t\t<\/div>\n\t\t\t\t<\/div>\n\t\t\t\t<div class=\"elementor-element elementor-element-4e82111 elementor-widget elementor-widget-text-editor\" data-id=\"4e82111\" data-element_type=\"widget\" data-widget_type=\"text-editor.default\">\n\t\t\t\t<div class=\"elementor-widget-container\">\n\t\t\t\t\t\t\t<p>At the Savonian Kota Restaurant, dinner is enjoyed traditionally in a hut, around an open fire. The intimate hut accommodates 24 guests and offers a four-course dinner menu. The restaurant is located in close proximity to J\u00e4rvisyd\u00e4n&#8217;s main building and is open for groups through Fall\u2013Spring season.<\/p>\t\t\t\t\t\t<\/div>\n\t\t\t\t<\/div>\n\t\t\t\t<div class=\"elementor-element elementor-element-720c604 elementor-align-left elementor-widget elementor-widget-button\" data-id=\"720c604\" data-element_type=\"widget\" data-widget_type=\"button.default\">\n\t\t\t\t<div class=\"elementor-widget-container\">\n\t\t\t\t\t<div class=\"elementor-button-wrapper\">\n\t\t\t<a href=\"https:\/\/shop.tac.eu.com\/jarvisydan\/tablereservation\/145\/\" class=\"elementor-button-link elementor-button elementor-size-sm\" role=\"button\">\n\t\t\t\t\t\t<span class=\"elementor-button-content-wrapper\">\n\t\t\t\t\t\t\t<span class=\"elementor-button-icon elementor-align-icon-right\">\n\t\t\t\t<i aria-hidden=\"true\" class=\"fas fa-caret-right\"><\/i>\t\t\t<\/span>\n\t\t\t\t\t\t<span class=\"elementor-button-text\">Book a Kota dinner<\/span>\n\t\t<\/span>\n\t\t\t\t\t<\/a>\n\t\t<\/div>\n\t\t\t\t<\/div>\n\t\t\t\t<\/div>\n\t\t\t\t\t<\/div>\n\t\t<\/div>\n\t\t\t\t<div class=\"elementor-column elementor-col-50 elementor-top-column elementor-element elementor-element-05817a7\" data-id=\"05817a7\" data-element_type=\"column\" data-settings=\"{&quot;background_background&quot;:&quot;classic&quot;}\">\n\t\t\t<div class=\"elementor-widget-wrap elementor-element-populated\">\n\t\t\t\t\t\t\t\t<div class=\"elementor-element elementor-element-7307cc0 elementor-hidden-desktop elementor-hidden-tablet elementor-widget elementor-widget-image\" data-id=\"7307cc0\" data-element_type=\"widget\" data-widget_type=\"image.default\">\n\t\t\t\t<div class=\"elementor-widget-container\">\n\t\t\t\t\t\t\t\t\t\t\t\t\t\t\t<img width=\"683\" height=\"1024\" src=\"https:\/\/kururesort.com\/wp-content\/uploads\/2022\/09\/Kylpylaloma-kotahotelli-3096-683x1024.jpg\" class=\"attachment-large size-large\" alt=\"\" loading=\"lazy\" srcset=\"https:\/\/kururesort.com\/wp-content\/uploads\/2022\/09\/Kylpylaloma-kotahotelli-3096-683x1024.jpg 683w, https:\/\/kururesort.com\/wp-content\/uploads\/2022\/09\/Kylpylaloma-kotahotelli-3096-200x300.jpg 200w, https:\/\/kururesort.com\/wp-content\/uploads\/2022\/09\/Kylpylaloma-kotahotelli-3096-768x1152.jpg 768w, https:\/\/kururesort.com\/wp-content\/uploads\/2022\/09\/Kylpylaloma-kotahotelli-3096-1024x1536.jpg 1024w, https:\/\/kururesort.com\/wp-content\/uploads\/2022\/09\/Kylpylaloma-kotahotelli-3096-1365x2048.jpg 1365w, https:\/\/kururesort.com\/wp-content\/uploads\/2022\/09\/Kylpylaloma-kotahotelli-3096-1170x1755.jpg 1170w, https:\/\/kururesort.com\/wp-content\/uploads\/2022\/09\/Kylpylaloma-kotahotelli-3096-scaled.jpg 1707w\" sizes=\"(max-width: 683px) 100vw, 683px\" \/>\t\t\t\t\t\t\t\t\t\t\t\t\t\t\t<\/div>\n\t\t\t\t<\/div>\n\t\t\t\t\t<\/div>\n\t\t<\/div>\n\t\t\t\t\t\t\t<\/div>\n\t\t<\/section>\n\t\t\t\t<section class=\"elementor-section elementor-top-section elementor-element elementor-element-b396f5b elementor-section-boxed elementor-section-height-default elementor-section-height-default\" data-id=\"b396f5b\" data-element_type=\"section\">\n\t\t\t\t\t\t<div class=\"elementor-container elementor-column-gap-default\">\n\t\t\t\t\t<div class=\"elementor-column elementor-col-100 elementor-top-column elementor-element elementor-element-fe5e429\" data-id=\"fe5e429\" data-element_type=\"column\">\n\t\t\t<div class=\"elementor-widget-wrap\">\n\t\t\t\t\t\t\t\t\t<\/div>\n\t\t<\/div>\n\t\t\t\t\t\t\t<\/div>\n\t\t<\/section>\n\t\t\t\t\t\t\t<\/div>\n\t\t","protected":false},"excerpt":{"rendered":"<p>J\u00e4rvisyd\u00e4n Kuru is part of J\u00e4rvisyd\u00e4n, and you have access to all the resort&#8217;s services. At J\u00e4rvisyd\u00e4n, you will find several restaurants serving breakfast, bistro food, lunch, and dinner. J\u00e4rvisyd\u00e4n is approximately 800m away from Kuru. You can take the resort shuttle, walk or drive to J\u00e4rvisyd\u00e4n.\u00a0 \u00c0 la carte The J\u00e4rvisyd\u00e4n \u00e0 la carte [&hellip;]<\/p>\n","protected":false},"author":10,"featured_media":2881,"parent":0,"menu_order":0,"comment_status":"closed","ping_status":"closed","template":"elementor_header_footer","meta":{"inline_featured_image":false},"_links":{"self":[{"href":"https:\/\/kururesort.com\/en\/wp-json\/wp\/v2\/pages\/8595"}],"collection":[{"href":"https:\/\/kururesort.com\/en\/wp-json\/wp\/v2\/pages"}],"about":[{"href":"https:\/\/kururesort.com\/en\/wp-json\/wp\/v2\/types\/page"}],"author":[{"embeddable":true,"href":"https:\/\/kururesort.com\/en\/wp-json\/wp\/v2\/users\/10"}],"replies":[{"embeddable":true,"href":"https:\/\/kururesort.com\/en\/wp-json\/wp\/v2\/comments?post=8595"}],"version-history":[{"count":21,"href":"https:\/\/kururesort.com\/en\/wp-json\/wp\/v2\/pages\/8595\/revisions"}],"predecessor-version":[{"id":10329,"href":"https:\/\/kururesort.com\/en\/wp-json\/wp\/v2\/pages\/8595\/revisions\/10329"}],"wp:featuredmedia":[{"embeddable":true,"href":"https:\/\/kururesort.com\/en\/wp-json\/wp\/v2\/media\/2881"}],"wp:attachment":[{"href":"https:\/\/kururesort.com\/en\/wp-json\/wp\/v2\/media?parent=8595"}],"curies":[{"name":"wp","href":"https:\/\/api.w.org\/{rel}","templated":true}]}}