{"id":8586,"date":"2024-02-15T13:48:36","date_gmt":"2024-02-15T13:48:36","guid":{"rendered":"https:\/\/kururesort.com\/?page_id=8586"},"modified":"2026-01-15T08:07:55","modified_gmt":"2026-01-15T08:07:55","slug":"restaurants","status":"publish","type":"page","link":"https:\/\/kururesort.com\/en\/restaurants\/","title":{"rendered":"Restaurants"},"content":{"rendered":"\t\t<div data-elementor-type=\"wp-page\" data-elementor-id=\"8586\" class=\"elementor elementor-8586 elementor-5924\">\n\t\t\t\t\t\t\t\t\t<section class=\"elementor-section elementor-top-section elementor-element elementor-element-002cf25 elementor-section-boxed elementor-section-height-default elementor-section-height-default\" data-id=\"002cf25\" data-element_type=\"section\" data-settings=\"{&quot;background_background&quot;:&quot;slideshow&quot;,&quot;background_slideshow_gallery&quot;:[{&quot;id&quot;:7118,&quot;url&quot;:&quot;https:\\\/\\\/kururesort.com\\\/wp-content\\\/uploads\\\/2023\\\/03\\\/Solitary-Talvi-29-scaled.jpg&quot;},{&quot;id&quot;:7122,&quot;url&quot;:&quot;https:\\\/\\\/kururesort.com\\\/wp-content\\\/uploads\\\/2023\\\/03\\\/Remi5i.jpg&quot;},{&quot;id&quot;:3457,&quot;url&quot;:&quot;https:\\\/\\\/kururesort.com\\\/wp-content\\\/uploads\\\/2021\\\/12\\\/kuru26-scaled.jpg&quot;},{&quot;id&quot;:9005,&quot;url&quot;:&quot;https:\\\/\\\/kururesort.com\\\/wp-content\\\/uploads\\\/2024\\\/07\\\/Annoskuva-2_1920.jpg&quot;},{&quot;id&quot;:7120,&quot;url&quot;:&quot;https:\\\/\\\/kururesort.com\\\/wp-content\\\/uploads\\\/2023\\\/03\\\/Solitary-Talvi-36-scaled.jpg&quot;},{&quot;id&quot;:8558,&quot;url&quot;:&quot;https:\\\/\\\/kururesort.com\\\/wp-content\\\/uploads\\\/2024\\\/02\\\/Winter-Heidi-Mikko-17.jpg&quot;},{&quot;id&quot;:8552,&quot;url&quot;:&quot;https:\\\/\\\/kururesort.com\\\/wp-content\\\/uploads\\\/2024\\\/02\\\/Illallinen-Duve-500.jpg&quot;},{&quot;id&quot;:9003,&quot;url&quot;:&quot;https:\\\/\\\/kururesort.com\\\/wp-content\\\/uploads\\\/2024\\\/07\\\/Solitary-kuva-1_1920.jpg&quot;},{&quot;id&quot;:8991,&quot;url&quot;:&quot;https:\\\/\\\/kururesort.com\\\/wp-content\\\/uploads\\\/2024\\\/07\\\/Kuru_1200x800_6.jpg&quot;}],&quot;background_slideshow_loop&quot;:&quot;yes&quot;,&quot;background_slideshow_slide_duration&quot;:5000,&quot;background_slideshow_slide_transition&quot;:&quot;fade&quot;,&quot;background_slideshow_transition_duration&quot;:500}\">\n\t\t\t\t\t\t<div class=\"elementor-container elementor-column-gap-no\">\n\t\t\t\t\t<div class=\"elementor-column elementor-col-50 elementor-top-column elementor-element elementor-element-92cada4\" data-id=\"92cada4\" data-element_type=\"column\" data-settings=\"{&quot;background_background&quot;:&quot;classic&quot;}\">\n\t\t\t<div class=\"elementor-widget-wrap elementor-element-populated\">\n\t\t\t\t\t\t\t\t<div class=\"elementor-element elementor-element-e5453ce elementor-widget elementor-widget-heading\" data-id=\"e5453ce\" data-element_type=\"widget\" data-widget_type=\"heading.default\">\n\t\t\t\t<div class=\"elementor-widget-container\">\n\t\t\t<h1 class=\"elementor-heading-title elementor-size-default\">Restaurants<\/h1>\t\t<\/div>\n\t\t\t\t<\/div>\n\t\t\t\t<div class=\"elementor-element elementor-element-125a68c elementor-widget elementor-widget-text-editor\" data-id=\"125a68c\" data-element_type=\"widget\" data-widget_type=\"text-editor.default\">\n\t\t\t\t<div class=\"elementor-widget-container\">\n\t\t\t\t\t\t\t\t\t\t\t\t\t<\/div>\n\t\t\t\t<\/div>\n\t\t\t\t\t<\/div>\n\t\t<\/div>\n\t\t\t\t<div class=\"elementor-column elementor-col-50 elementor-top-column elementor-element elementor-element-48a9617\" data-id=\"48a9617\" data-element_type=\"column\">\n\t\t\t<div class=\"elementor-widget-wrap\">\n\t\t\t\t\t\t\t\t\t<\/div>\n\t\t<\/div>\n\t\t\t\t\t\t\t<\/div>\n\t\t<\/section>\n\t\t\t\t<section class=\"elementor-section elementor-top-section elementor-element elementor-element-ef16010 elementor-section-boxed elementor-section-height-default elementor-section-height-default\" data-id=\"ef16010\" data-element_type=\"section\">\n\t\t\t\t\t\t<div class=\"elementor-container elementor-column-gap-default\">\n\t\t\t\t\t<div class=\"elementor-column elementor-col-50 elementor-top-column elementor-element elementor-element-934a9c9\" data-id=\"934a9c9\" data-element_type=\"column\">\n\t\t\t<div class=\"elementor-widget-wrap elementor-element-populated\">\n\t\t\t\t\t\t\t\t<div class=\"elementor-element elementor-element-9d40474 elementor-widget elementor-widget-heading\" data-id=\"9d40474\" data-element_type=\"widget\" data-widget_type=\"heading.default\">\n\t\t\t\t<div class=\"elementor-widget-container\">\n\t\t\t<h2 class=\"elementor-heading-title elementor-size-default\">Restaurant Solitary<\/h2>\t\t<\/div>\n\t\t\t\t<\/div>\n\t\t\t\t<div class=\"elementor-element elementor-element-5afa622 elementor-widget elementor-widget-text-editor\" data-id=\"5afa622\" data-element_type=\"widget\" data-widget_type=\"text-editor.default\">\n\t\t\t\t<div class=\"elementor-widget-container\">\n\t\t\t\t\t\t\t<p>Solitary is located at the main building of Kuru. Restaurant Solitary serves daily breakfast and dinner, offering a high-quality dinner menu based on artisanal craftsmanship and seasonal ingredients.<\/p>\n<p><strong>Dinner:<\/strong>&nbsp;17.00-00.00<\/p>\n<p>Please make a table reservation in advance.<\/p>\t\t\t\t\t\t<\/div>\n\t\t\t\t<\/div>\n\t\t\t\t<div class=\"elementor-element elementor-element-85cb69d elementor-align-left elementor-widget elementor-widget-button\" data-id=\"85cb69d\" data-element_type=\"widget\" data-widget_type=\"button.default\">\n\t\t\t\t<div class=\"elementor-widget-container\">\n\t\t\t\t\t<div class=\"elementor-button-wrapper\">\n\t\t\t<a href=\"https:\/\/kururesort.com\/en\/eat-drink\/\" class=\"elementor-button-link elementor-button elementor-size-lg\" role=\"button\">\n\t\t\t\t\t\t<span class=\"elementor-button-content-wrapper\">\n\t\t\t\t\t\t\t<span class=\"elementor-button-icon elementor-align-icon-right\">\n\t\t\t\t<i aria-hidden=\"true\" class=\"fas fa-caret-right\"><\/i>\t\t\t<\/span>\n\t\t\t\t\t\t<span class=\"elementor-button-text\">Read more<\/span>\n\t\t<\/span>\n\t\t\t\t\t<\/a>\n\t\t<\/div>\n\t\t\t\t<\/div>\n\t\t\t\t<\/div>\n\t\t\t\t\t<\/div>\n\t\t<\/div>\n\t\t\t\t<div class=\"elementor-column elementor-col-50 elementor-top-column elementor-element elementor-element-b5f537c\" data-id=\"b5f537c\" data-element_type=\"column\" data-settings=\"{&quot;background_background&quot;:&quot;classic&quot;}\">\n\t\t\t<div class=\"elementor-widget-wrap elementor-element-populated\">\n\t\t\t\t\t\t\t\t<div class=\"elementor-element elementor-element-437ffe3 elementor-hidden-desktop elementor-hidden-tablet elementor-widget elementor-widget-image\" data-id=\"437ffe3\" data-element_type=\"widget\" data-widget_type=\"image.default\">\n\t\t\t\t<div class=\"elementor-widget-container\">\n\t\t\t\t\t\t\t\t\t\t\t\t\t\t\t<img width=\"770\" height=\"514\" src=\"https:\/\/kururesort.com\/wp-content\/uploads\/2022\/09\/0019_DSC0738-1-1024x684.jpg\" class=\"attachment-large size-large\" alt=\"\" loading=\"lazy\" srcset=\"https:\/\/kururesort.com\/wp-content\/uploads\/2022\/09\/0019_DSC0738-1-1024x684.jpg 1024w, https:\/\/kururesort.com\/wp-content\/uploads\/2022\/09\/0019_DSC0738-1-300x200.jpg 300w, https:\/\/kururesort.com\/wp-content\/uploads\/2022\/09\/0019_DSC0738-1-768x513.jpg 768w, https:\/\/kururesort.com\/wp-content\/uploads\/2022\/09\/0019_DSC0738-1-1170x781.jpg 1170w, https:\/\/kururesort.com\/wp-content\/uploads\/2022\/09\/0019_DSC0738-1.jpg 1200w\" sizes=\"(max-width: 770px) 100vw, 770px\" \/>\t\t\t\t\t\t\t\t\t\t\t\t\t\t\t<\/div>\n\t\t\t\t<\/div>\n\t\t\t\t\t<\/div>\n\t\t<\/div>\n\t\t\t\t\t\t\t<\/div>\n\t\t<\/section>\n\t\t\t\t<section class=\"elementor-section elementor-top-section elementor-element elementor-element-2ee9472 elementor-section-boxed elementor-section-height-default elementor-section-height-default\" data-id=\"2ee9472\" data-element_type=\"section\">\n\t\t\t\t\t\t<div class=\"elementor-container elementor-column-gap-default\">\n\t\t\t\t\t<div class=\"elementor-column elementor-col-50 elementor-top-column elementor-element elementor-element-cc18755\" data-id=\"cc18755\" data-element_type=\"column\">\n\t\t\t<div class=\"elementor-widget-wrap elementor-element-populated\">\n\t\t\t\t\t\t\t\t<div class=\"elementor-element elementor-element-3a6303b elementor-widget elementor-widget-heading\" data-id=\"3a6303b\" data-element_type=\"widget\" data-widget_type=\"heading.default\">\n\t\t\t\t<div class=\"elementor-widget-container\">\n\t\t\t<h2 class=\"elementor-heading-title elementor-size-default\">Other restaurants in the resort<\/h2>\t\t<\/div>\n\t\t\t\t<\/div>\n\t\t\t\t<div class=\"elementor-element elementor-element-fcdf041 elementor-widget elementor-widget-text-editor\" data-id=\"fcdf041\" data-element_type=\"widget\" data-widget_type=\"text-editor.default\">\n\t\t\t\t<div class=\"elementor-widget-container\">\n\t\t\t\t\t\t\t<p>Kuru is part of J\u00e4rvisyd\u00e4n, and you have access to all the resort&#8217;s services. At J\u00e4rvisyd\u00e4n, you will find several restaurants serving breakfast, bistro food, lunch, and dinner.<\/p>\n<p>J\u00e4rvisyd\u00e4n main house is approximately 800m away from Kuru. You can walk or drive to there.&nbsp;<\/p><p><br><\/p>\t\t\t\t\t\t<\/div>\n\t\t\t\t<\/div>\n\t\t\t\t<div class=\"elementor-element elementor-element-ec27bc5 elementor-align-left elementor-widget elementor-widget-button\" data-id=\"ec27bc5\" data-element_type=\"widget\" data-widget_type=\"button.default\">\n\t\t\t\t<div class=\"elementor-widget-container\">\n\t\t\t\t\t<div class=\"elementor-button-wrapper\">\n\t\t\t<a href=\"https:\/\/www.jarvisydan.com\/en\/restaurants\/\" class=\"elementor-button-link elementor-button elementor-size-lg\" role=\"button\">\n\t\t\t\t\t\t<span class=\"elementor-button-content-wrapper\">\n\t\t\t\t\t\t\t<span class=\"elementor-button-icon elementor-align-icon-right\">\n\t\t\t\t<i aria-hidden=\"true\" class=\"fas fa-caret-right\"><\/i>\t\t\t<\/span>\n\t\t\t\t\t\t<span class=\"elementor-button-text\">Read more<\/span>\n\t\t<\/span>\n\t\t\t\t\t<\/a>\n\t\t<\/div>\n\t\t\t\t<\/div>\n\t\t\t\t<\/div>\n\t\t\t\t\t<\/div>\n\t\t<\/div>\n\t\t\t\t<div class=\"elementor-column elementor-col-50 elementor-top-column elementor-element elementor-element-9bf6d71\" data-id=\"9bf6d71\" data-element_type=\"column\" data-settings=\"{&quot;background_background&quot;:&quot;classic&quot;}\">\n\t\t\t<div class=\"elementor-widget-wrap elementor-element-populated\">\n\t\t\t\t\t\t\t\t<div class=\"elementor-element elementor-element-2f6856b elementor-hidden-desktop elementor-hidden-tablet elementor-widget elementor-widget-image\" data-id=\"2f6856b\" data-element_type=\"widget\" data-widget_type=\"image.default\">\n\t\t\t\t<div class=\"elementor-widget-container\">\n\t\t\t\t\t\t\t\t\t\t\t\t\t\t\t<img width=\"770\" height=\"514\" src=\"https:\/\/kururesort.com\/wp-content\/uploads\/2022\/09\/0019_DSC0738-1-1024x684.jpg\" class=\"attachment-large size-large\" alt=\"\" loading=\"lazy\" srcset=\"https:\/\/kururesort.com\/wp-content\/uploads\/2022\/09\/0019_DSC0738-1-1024x684.jpg 1024w, https:\/\/kururesort.com\/wp-content\/uploads\/2022\/09\/0019_DSC0738-1-300x200.jpg 300w, https:\/\/kururesort.com\/wp-content\/uploads\/2022\/09\/0019_DSC0738-1-768x513.jpg 768w, https:\/\/kururesort.com\/wp-content\/uploads\/2022\/09\/0019_DSC0738-1-1170x781.jpg 1170w, https:\/\/kururesort.com\/wp-content\/uploads\/2022\/09\/0019_DSC0738-1.jpg 1200w\" sizes=\"(max-width: 770px) 100vw, 770px\" \/>\t\t\t\t\t\t\t\t\t\t\t\t\t\t\t<\/div>\n\t\t\t\t<\/div>\n\t\t\t\t\t<\/div>\n\t\t<\/div>\n\t\t\t\t\t\t\t<\/div>\n\t\t<\/section>\n\t\t\t\t<section class=\"elementor-section elementor-top-section elementor-element elementor-element-78f26c6 elementor-section-boxed elementor-section-height-default elementor-section-height-default\" data-id=\"78f26c6\" data-element_type=\"section\">\n\t\t\t\t\t\t<div class=\"elementor-container elementor-column-gap-default\">\n\t\t\t\t\t<div class=\"elementor-column elementor-col-100 elementor-top-column elementor-element elementor-element-0f584b4\" data-id=\"0f584b4\" data-element_type=\"column\">\n\t\t\t<div class=\"elementor-widget-wrap elementor-element-populated\">\n\t\t\t\t\t\t\t\t<div class=\"elementor-element elementor-element-5ea6330 elementor-widget elementor-widget-spacer\" data-id=\"5ea6330\" data-element_type=\"widget\" data-widget_type=\"spacer.default\">\n\t\t\t\t<div class=\"elementor-widget-container\">\n\t\t\t\t\t<div class=\"elementor-spacer\">\n\t\t\t<div class=\"elementor-spacer-inner\"><\/div>\n\t\t<\/div>\n\t\t\t\t<\/div>\n\t\t\t\t<\/div>\n\t\t\t\t\t<\/div>\n\t\t<\/div>\n\t\t\t\t\t\t\t<\/div>\n\t\t<\/section>\n\t\t\t\t\t\t\t<\/div>\n\t\t","protected":false},"excerpt":{"rendered":"<p>Restaurants Restaurant Solitary Solitary is located at the main building of Kuru. Restaurant Solitary serves daily breakfast and dinner, offering a high-quality dinner menu based on artisanal craftsmanship and seasonal ingredients. Dinner:&nbsp;17.00-00.00 Please make a table reservation in advance. Read more Other restaurants in the resort Kuru is part of J\u00e4rvisyd\u00e4n, and you have access [&hellip;]<\/p>\n","protected":false},"author":10,"featured_media":0,"parent":0,"menu_order":0,"comment_status":"closed","ping_status":"closed","template":"elementor_header_footer","meta":{"inline_featured_image":false},"_links":{"self":[{"href":"https:\/\/kururesort.com\/en\/wp-json\/wp\/v2\/pages\/8586"}],"collection":[{"href":"https:\/\/kururesort.com\/en\/wp-json\/wp\/v2\/pages"}],"about":[{"href":"https:\/\/kururesort.com\/en\/wp-json\/wp\/v2\/types\/page"}],"author":[{"embeddable":true,"href":"https:\/\/kururesort.com\/en\/wp-json\/wp\/v2\/users\/10"}],"replies":[{"embeddable":true,"href":"https:\/\/kururesort.com\/en\/wp-json\/wp\/v2\/comments?post=8586"}],"version-history":[{"count":22,"href":"https:\/\/kururesort.com\/en\/wp-json\/wp\/v2\/pages\/8586\/revisions"}],"predecessor-version":[{"id":10794,"href":"https:\/\/kururesort.com\/en\/wp-json\/wp\/v2\/pages\/8586\/revisions\/10794"}],"wp:attachment":[{"href":"https:\/\/kururesort.com\/en\/wp-json\/wp\/v2\/media?parent=8586"}],"curies":[{"name":"wp","href":"https:\/\/api.w.org\/{rel}","templated":true}]}}