{"id":2341,"date":"2021-04-11T15:13:34","date_gmt":"2021-04-11T15:13:34","guid":{"rendered":"https:\/\/kururesort.com\/?page_id=2341"},"modified":"2026-01-15T08:06:08","modified_gmt":"2026-01-15T08:06:08","slug":"faq","status":"publish","type":"page","link":"https:\/\/kururesort.com\/en\/aboutus\/faq\/","title":{"rendered":"FAQ"},"content":{"rendered":"\t\t<div data-elementor-type=\"wp-page\" data-elementor-id=\"2341\" class=\"elementor elementor-2341\">\n\t\t\t\t\t\t\t\t\t<section class=\"elementor-section elementor-top-section elementor-element elementor-element-423d6aa elementor-section-boxed elementor-section-height-default elementor-section-height-default\" data-id=\"423d6aa\" data-element_type=\"section\">\n\t\t\t\t\t\t<div class=\"elementor-container elementor-column-gap-default\">\n\t\t\t\t\t<div class=\"elementor-column elementor-col-100 elementor-top-column elementor-element elementor-element-0831bb4\" data-id=\"0831bb4\" data-element_type=\"column\">\n\t\t\t<div class=\"elementor-widget-wrap elementor-element-populated\">\n\t\t\t\t\t\t\t\t<div class=\"elementor-element elementor-element-153794b elementor-widget elementor-widget-heading\" data-id=\"153794b\" data-element_type=\"widget\" data-widget_type=\"heading.default\">\n\t\t\t\t<div class=\"elementor-widget-container\">\n\t\t\t<h1 class=\"elementor-heading-title elementor-size-default\">Frequently Asked Questions<\/h1>\t\t<\/div>\n\t\t\t\t<\/div>\n\t\t\t\t\t<\/div>\n\t\t<\/div>\n\t\t\t\t\t\t\t<\/div>\n\t\t<\/section>\n\t\t\t\t<section class=\"elementor-section elementor-top-section elementor-element elementor-element-27ef577 elementor-section-boxed elementor-section-height-default elementor-section-height-default\" data-id=\"27ef577\" data-element_type=\"section\">\n\t\t\t\t\t\t<div class=\"elementor-container elementor-column-gap-default\">\n\t\t\t\t\t<div class=\"elementor-column elementor-col-100 elementor-top-column elementor-element elementor-element-de30a0e\" data-id=\"de30a0e\" data-element_type=\"column\">\n\t\t\t<div class=\"elementor-widget-wrap elementor-element-populated\">\n\t\t\t\t\t\t\t\t<div class=\"elementor-element elementor-element-0a5cb3e elementor-widget elementor-widget-text-editor\" data-id=\"0a5cb3e\" data-element_type=\"widget\" data-widget_type=\"text-editor.default\">\n\t\t\t\t<div class=\"elementor-widget-container\">\n\t\t\t\t\t\t\t<p><strong>How is the breakfast? <\/strong>All Kuru packages include a signature breakfast by Remi Tr\u00e9mouille in Restaurant Solitary. Breakfast is served daily from 8.30 until 10.30.<\/p>\n<p><strong>How close are the services of J\u00e4rvisyd\u00e4n?<\/strong> We are part of J\u00e4rvisyd\u00e4n Resort so all services are in walking distance. Kuru is a adults only part of J\u00e4rvisyd\u00e4n. From Kuru main building to J\u00e4rvisyd\u00e4n main building it is 800m. You are welcomed to use all services of the resort.<\/p>\n<p><strong>How to arrive?<\/strong> If you&#8217;re arriving with car you can reach our resort parking area and enter the resort by foot. If you have a lot of luggage please collect the keys and visit your villa by car.<\/p>\n<p><strong>What can I do at Kuru?<\/strong><br>There&#8217;s a wide range of seasonal activities and we encourage booking activities before arrival to ensure we can facilitate the desired activities for you. The nearby nature offers safe and relaxing exploration with Fat Bikes, skis, snowshoes or hiking. During summertime we offer sup boarding, kayaking, ringed seal safaris ja guided naturescapes. Of course there&#8217;s a number of indoor experiences from LakeSpa, DaySpa, aerial yoga to sound massages. You can find a list of the activities <a href=\"https:\/\/kururesort.com\/index.php\/experiences\/\" data-wplink-edit=\"true\">here<\/a>.<\/p>\n<p><strong>Are pets allowed?<\/strong> <br>Even though we are very fond of pets, we don&#8217;t allow pets at Kuru. Other rooms in the J\u00e4rvisyd\u00e4n Resort offer pet rooms (Scenery Suites, Forest suites, Villas and House Boats &#8211;<a href=\"https:\/\/www.jarvisydan.com\/en\/accommodation\/accomodations\/\">Read more<\/a>).<\/p>\n<p><strong>What is the minimum age for visitors?<\/strong> We welcome visitors over 18 years old.<\/p>\n<p><strong>Can I stay for just one night?<\/strong> <br>We offer unique experiences and want to ensure that you get to enjoy peace and quiet. We therefore recommend reservations of minimum of 2 nights.<\/p>\n<p><strong>What is included in the price?<\/strong> <br>The price includes your own private Lake Villa\/ Lake suite with a luxurious breakfast. Other services depend on the holiday package you choose.<\/p>\n<p><strong>Do you charge for parking?<\/strong><br>No, parking for our guests is free. We have electrical outlets for wintertime and two charging stations which are also free of charge.<\/p>\n<p><strong>What does the relaxation program include?<\/strong><br>The program includes seasonal stress reducing classes such as breathwork, meditation, sound massage and slow yoga. You can also enjoy our signature &#8220;Kuru Experience&#8221; book full of ideas you can do autonomously.&nbsp;<\/p>\n<p><strong>How do you ensure the peace and quiet at Kuru?<\/strong><br>Every guest can enjoy their stay in total privacy. The area is open only for customers and staff. There are no motorized vehicles in the area (except for limited maintenance use) and the lake is restricted to non-motorized use only. The environment is extremely peaceful and every guest can feel totally immersed in nature.&nbsp;<\/p>\n<p><b>Is Kuru suitable for guests with moving disabilities?<br><\/b>We are located in the middle of untouched forest with a lot of variability of terrain. We kindly ask you to inform us with any disabilities when booking so that we can ensure accessibility to your Villa. Our transfer service can also assist you in moving about the resort area.<\/p>\n<p><strong>How are allergies or dietary restrictions taken into account?<\/strong><br>All our menu items are lactose free and we adjust the items based on allergies and dietary restrictions. We kindly ask to be informed about any allergies or dietary restrictions when booking.<\/p>\n<p><strong>Can I book Spa treatments on location?<\/strong><br>We kindly ask you to book any treatments in advance. This helps to ensure that you can enjoy the desired spa experience and also choose the time you want. DaySpa is located in the Lake Spa.<\/p>\n<p><strong>Does the Lake Villa have WiFi?<\/strong><br>Each Lake Villa and the main building has a free Wifi for our guests. We strongly encourage all our guests to digital detox during their stay.<\/p>\n<p><strong>Do I need to reserve dinner in advance?<\/strong><br>We kindly ask you to book dinner in advance for your preferred sitting. Please notice that there are several restaurants. Restaurant Solitary in Kuru main building, Bistro and Wine Cellar in J\u00e4rvisyd\u00e4n. In summer we also do daily dinner cruises to the archipelago.<\/p>\n<p><strong>How to arrive with a bus or train?<\/strong><br>The nearest bus stop for busses from Savonlinna or Varkaus is about 3 kilometers from Kuru. The nearest bus stop for the bus from Helsinki is called Hiism\u00e4ki and it&#8217;s about 15 kilometers from Kuru. By train the nearest stations are&nbsp; Savonlinna and Varkaus. We can arrange the transport to our resort from any of these locations. Please inform us about your timetable and we&#8217;ll gladly pick you from your stop.<\/p>\n<p><strong>What time is the check-in and check-out?<\/strong><br>Check-in time for each day is 3 pm. If the Villa is cleaned earlier we can offer an earlier check-in. Check-out by 11 am. You will receive your keys at J\u00e4rvisyd\u00e4n reception.<\/p>\n<p><strong>How can I pay?<br><\/strong>We accept the following payments: Mobile Pay, Visa, Mastercard and direct online bank payments. At location you can pay with bank card, VisaElectron, credic cards (Visa, Mastercard, Diners, American Express, Viking). If you prefer cash payment, please visit the J\u00e4rvisyd\u00e4n reception.<\/p>\n<p><strong>How can I cancel or change my reservation?<\/strong><\/p>\n<p><span style=\"color: var( --e-global-color-text ); font-family: var( --e-global-typography-text-font-family ), Sans-serif; font-size: 1rem;\">Online bookings can be changed and canselled directly from the reservation confirmation email. You can also always contact our reception for any changes. If you have any other questions, please don&#8217;t hesitate to contact us: kuru@jarvisydan.fi<\/span><\/p>\t\t\t\t\t\t<\/div>\n\t\t\t\t<\/div>\n\t\t\t\t\t<\/div>\n\t\t<\/div>\n\t\t\t\t\t\t\t<\/div>\n\t\t<\/section>\n\t\t\t\t\t\t\t<\/div>\n\t\t","protected":false},"excerpt":{"rendered":"<p>Frequently Asked Questions How is the breakfast? All Kuru packages include a signature breakfast by Remi Tr\u00e9mouille in Restaurant Solitary. Breakfast is served daily from 8.30 until 10.30. How close are the services of J\u00e4rvisyd\u00e4n? We are part of J\u00e4rvisyd\u00e4n Resort so all services are in walking distance. Kuru is a adults only part of [&hellip;]<\/p>\n","protected":false},"author":2,"featured_media":0,"parent":531,"menu_order":0,"comment_status":"closed","ping_status":"closed","template":"","meta":{"inline_featured_image":false},"_links":{"self":[{"href":"https:\/\/kururesort.com\/en\/wp-json\/wp\/v2\/pages\/2341"}],"collection":[{"href":"https:\/\/kururesort.com\/en\/wp-json\/wp\/v2\/pages"}],"about":[{"href":"https:\/\/kururesort.com\/en\/wp-json\/wp\/v2\/types\/page"}],"author":[{"embeddable":true,"href":"https:\/\/kururesort.com\/en\/wp-json\/wp\/v2\/users\/2"}],"replies":[{"embeddable":true,"href":"https:\/\/kururesort.com\/en\/wp-json\/wp\/v2\/comments?post=2341"}],"version-history":[{"count":43,"href":"https:\/\/kururesort.com\/en\/wp-json\/wp\/v2\/pages\/2341\/revisions"}],"predecessor-version":[{"id":10788,"href":"https:\/\/kururesort.com\/en\/wp-json\/wp\/v2\/pages\/2341\/revisions\/10788"}],"up":[{"embeddable":true,"href":"https:\/\/kururesort.com\/en\/wp-json\/wp\/v2\/pages\/531"}],"wp:attachment":[{"href":"https:\/\/kururesort.com\/en\/wp-json\/wp\/v2\/media?parent=2341"}],"curies":[{"name":"wp","href":"https:\/\/api.w.org\/{rel}","templated":true}]}}